{"id":35,"date":"2014-08-26T15:47:44","date_gmt":"2014-08-26T15:47:44","guid":{"rendered":"http:\/\/abbeville-somme-karting.fr\/?page_id=35"},"modified":"2024-11-11T18:01:37","modified_gmt":"2024-11-11T17:01:37","slug":"nous-contacter","status":"publish","type":"page","link":"https:\/\/abbeville-somme-karting.fr\/?page_id=35","title":{"rendered":"Contact"},"content":{"rendered":"<p><strong>Pr\u00e9sident : <\/strong>Laurent Bos \/ T\u00e9l : <i>03 22 31 40 31<\/i><br \/>\nEmail : <i>abbeville-somme-karting@orange.fr<\/i><\/p>\n<p><strong>Vice-Pr\u00e9sident : <\/strong>Gilles Giguere \/ T\u00e9l : <i>06 03 56 02 47<\/i> <\/p>\n<p><strong>Secr\u00e9taire<\/strong><b> : <\/b> Maxime Choquet<\/p>\n<p><strong>Secr\u00e9taire Adjoint<\/strong><b> : <\/b> Fr\u00e9d\u00e9ric Choquet<\/p>\n<p><strong>Tr\u00e9sorier :<\/strong> Olivier Dupont<\/p>\n<p><strong>Tr\u00e9sorier Adjoint :<\/strong> Michel Luce<\/p>\n<p><strong>Membres :<\/strong> Mathias Gallepe, Gilles Havet<\/p>\n<p><strong>D\u00e9l\u00e9gu\u00e9 aupr\u00e8s de la LKHF :<\/strong> Laurent Bos, Michel Luce<\/p>\n<p><strong>D\u00e9l\u00e9gu\u00e9 aupr\u00e8s de l\u2019CRSA haut de France :<\/strong> Laurent Bos, Michel Luce<\/p>\n","protected":false},"excerpt":{"rendered":"<p>Pr\u00e9sident : Laurent Bos \/ T\u00e9l : 03 22 31 40 31 Email : abbeville-somme-karting@orange.fr Vice-Pr\u00e9sident : Gilles Giguere \/ T\u00e9l : 06 03 56 02 47 Secr\u00e9taire : Maxime Choquet Secr\u00e9taire Adjoint : Fr\u00e9d\u00e9ric Choquet Tr\u00e9sorier : Olivier Dupont &hellip; <a href=\"https:\/\/abbeville-somme-karting.fr\/?page_id=35\">Continuer la lecture <span class=\"meta-nav\">&rarr;<\/span><\/a><\/p>\n","protected":false},"author":1,"featured_media":0,"parent":0,"menu_order":0,"comment_status":"open","ping_status":"open","template":"","meta":{"footnotes":""},"class_list":["post-35","page","type-page","status-publish","hentry"],"_links":{"self":[{"href":"https:\/\/abbeville-somme-karting.fr\/index.php?rest_route=\/wp\/v2\/pages\/35","targetHints":{"allow":["GET"]}}],"collection":[{"href":"https:\/\/abbeville-somme-karting.fr\/index.php?rest_route=\/wp\/v2\/pages"}],"about":[{"href":"https:\/\/abbeville-somme-karting.fr\/index.php?rest_route=\/wp\/v2\/types\/page"}],"author":[{"embeddable":true,"href":"https:\/\/abbeville-somme-karting.fr\/index.php?rest_route=\/wp\/v2\/users\/1"}],"replies":[{"embeddable":true,"href":"https:\/\/abbeville-somme-karting.fr\/index.php?rest_route=%2Fwp%2Fv2%2Fcomments&post=35"}],"version-history":[{"count":19,"href":"https:\/\/abbeville-somme-karting.fr\/index.php?rest_route=\/wp\/v2\/pages\/35\/revisions"}],"predecessor-version":[{"id":1597,"href":"https:\/\/abbeville-somme-karting.fr\/index.php?rest_route=\/wp\/v2\/pages\/35\/revisions\/1597"}],"wp:attachment":[{"href":"https:\/\/abbeville-somme-karting.fr\/index.php?rest_route=%2Fwp%2Fv2%2Fmedia&parent=35"}],"curies":[{"name":"wp","href":"https:\/\/api.w.org\/{rel}","templated":true}]}}