{"id":159,"date":"2014-11-21T15:47:33","date_gmt":"2014-11-21T14:47:33","guid":{"rendered":"http:\/\/abbeville-somme-karting.fr\/?page_id=159"},"modified":"2025-05-03T17:00:06","modified_gmt":"2025-05-03T15:00:06","slug":"les-courses-du-passe","status":"publish","type":"page","link":"https:\/\/abbeville-somme-karting.fr\/?page_id=159","title":{"rendered":"Anciens R\u00e9sultats"},"content":{"rendered":"<p>&nbsp;<\/p>\n<p><strong>2025<\/strong><br \/>\n13 Avril 2025 : Championnat Hauts-de-France (Manche n\u00b02) :<br \/><a target=blank href=\"https:\/\/abbeville-somme-karting.fr\/wp-content\/uploads\/2025\/05\/Finale-KZ2-KZ2M-KZ2G.pdf\">Finale KZ2-KZ2M-KZ2G<\/a>, <a target=blank href=\"https:\/\/abbeville-somme-karting.fr\/wp-content\/uploads\/2025\/05\/Finale-KZ.pdf\">Finale KZ<\/a>, <a target=blank href=\"https:\/\/abbeville-somme-karting.fr\/wp-content\/uploads\/2025\/05\/Finale-Senior-Master.pdf\">Finale Senior Master<\/a>, <a target=blank href=\"https:\/\/abbeville-somme-karting.fr\/wp-content\/uploads\/2025\/05\/Finale-Nationale-X30.pdf\">Finale-Nationale-X30<\/a>, <a target=blank href=\"https:\/\/abbeville-somme-karting.fr\/wp-content\/uploads\/2025\/05\/Finale-Mini-60.pdf\">Finale-Mini_60<\/a>, <a target=blank href=\"https:\/\/abbeville-somme-karting.fr\/wp-content\/uploads\/2025\/05\/Finale-Mini-60-Mini-60-U10.pdf\">Finale-Mini_60-u10<\/a><\/p>\n<p><strong>2017<\/strong><br \/>\n8 &#038; 9 Avril 2017 : Championnat Hauts-de-France (Manche n\u00b02) :<br \/><a target=blank href=\"https:\/\/abbeville-somme-karting.fr\/wp-content\/uploads\/2017\/04\/engages_abbeville.pdf\">Liste des engag\u00e9s<\/a>, <a target=blank href=\"https:\/\/abbeville-somme-karting.fr\/wp-content\/uploads\/2017\/04\/abbeville_08042017.pdf\">Horaires samedi<\/a>, <a target=blank href=\"https:\/\/abbeville-somme-karting.fr\/wp-content\/uploads\/2017\/04\/abbeville_09042017.pdf\">Horaires dimanche<\/a>, <a href=\"https:\/\/abbeville-somme-karting.fr\/wp-content\/uploads\/2017\/04\/Abb_08_09-04-2017_resultats_toutes_categories.pdf\">R\u00e9sultats.<\/a><br \/>\n<br \/>30 Avril 2017 : Course Club <\/br>R\u00e9sultats : <a href=\"https:\/\/abbeville-somme-karting.fr\/wp-content\/uploads\/2017\/05\/finale_nationale_cadet_X30_junior.pdf\">Nationale-X30 Junior-Cadet<\/a>, <a href=\"https:\/\/abbeville-somme-karting.fr\/wp-content\/uploads\/2017\/05\/finale_open_X30_senior.pdf\">Open-X30 Senior<\/a>, <a href=\"https:\/\/abbeville-somme-karting.fr\/wp-content\/uploads\/2017\/05\/finale_rotax_rotax_master.pdf\">Rotax-Rotax Master<\/a>, <a href=\"https:\/\/abbeville-somme-karting.fr\/wp-content\/uploads\/2017\/05\/finale_KZ2_KZ2Master_gentleman.pdf\">KZ2-KZ2 Master-KZ2 Gentleman<\/a><\/br>Chronos : <a href=\"https:\/\/abbeville-somme-karting.fr\/wp-content\/uploads\/2017\/05\/chronos_nationale_cadet_X30_junior.pdf\">Nationale-X30 Junior-Cadet<\/a>, <a href=\"https:\/\/abbeville-somme-karting.fr\/wp-content\/uploads\/2017\/05\/chronos_open_X30_senior.pdf\">Open-X30 Senior<\/a>, <a href=\"https:\/\/abbeville-somme-karting.fr\/wp-content\/uploads\/2017\/05\/chronos_rotax_rotax_master.pdf\">Rotax-Rotax Master<\/a>, <a href=\"https:\/\/abbeville-somme-karting.fr\/wp-content\/uploads\/2017\/05\/chronos_KZ2_KZ2Master_gentleman.pdf\">KZ2-KZ2 Master-KZ2 Gentleman<\/a><br \/>\n<br \/>30 Juillet 2017 : Course Club \/ Troph\u00e9e Haut de France <!--(<a href=\"https:\/\/abbeville-somme-karting.fr\/wp-content\/uploads\/2017\/02\/Bulletin-d-inscription-course-troph\u00e9e-30-07-2017-v2.pdf\">Inscription<\/a>)--><br \/>\n<br \/>23 &#038; 24 Septembre 2017 : Championnat Hauts-de-France (Manche n\u00b04)<\/p>\n<p><strong>2016<\/strong><\/p>\n<p>Les 1, 2 et 3 Avril 2016 : Course Club<br \/>\nR\u00e9sultats : <a href=\"https:\/\/abbeville-somme-karting.fr\/wp-content\/uploads\/2016\/04\/Abb-03-04-2016-r\u00e9sultats-cat\u00e9gorie-Open.pdf\" >Open<\/a>, <a href=\"https:\/\/abbeville-somme-karting.fr\/wp-content\/uploads\/2016\/04\/Abb-03-04-2016-r\u00e9sultats-cat\u00e9gorie-Mini-kart.pdf\" >Mini-Kart<\/a>, <a href=\"https:\/\/abbeville-somme-karting.fr\/wp-content\/uploads\/2016\/04\/Abb-03-04-2016-r\u00e9sultats-cat\u00e9gorie-Nationale.pdf\" >Nationale<\/a>, <a href=\"https:\/\/abbeville-somme-karting.fr\/wp-content\/uploads\/2016\/04\/Abb-03-04-2016-r\u00e9sultats-cat\u00e9gorie-Minime-Cadet.pdf\" >Minimes-Cadets<\/a>, <a href=\"https:\/\/abbeville-somme-karting.fr\/wp-content\/uploads\/2016\/04\/Abb-03-04-2016-r\u00e9sultats-cat\u00e9gorie-Rotax-Rotax-Master.pdf\" >Rotax &#038; Rotax Master<\/a>, <a href=\"https:\/\/abbeville-somme-karting.fr\/wp-content\/uploads\/2016\/04\/Abb-03-04-2016-r\u00e9sultats-cat\u00e9gorie-KZ2-Master.pdf\" >KZ2 Master<\/a>, <a href=\"https:\/\/abbeville-somme-karting.fr\/wp-content\/uploads\/2016\/04\/Abb-03-04-2016-r\u00e9sultats-cat\u00e9gorie-KZ2.pdf\" >KZ2<\/a><\/p>\n<p>Les 15, 16 et 17 Avril 2016 : 2\u00e8me manche du Championnat Nord Picardie<br \/>\nR\u00e9sultats : <a href=\"https:\/\/abbeville-somme-karting.fr\/wp-content\/uploads\/2016\/04\/Abb-1617-04-2016-r\u00e9sultats-cat\u00e9gorie-MiniKart.pdf\" >Mini-Kart<\/a>, <a href=\"https:\/\/abbeville-somme-karting.fr\/wp-content\/uploads\/2016\/04\/Abb-1617-04-2016-r\u00e9sultats-cat\u00e9gorie-Nationale.pdf\" >Nationale<\/a>, <a href=\"https:\/\/abbeville-somme-karting.fr\/wp-content\/uploads\/2016\/04\/Abb-1617-04-2016-r\u00e9sultats-cat\u00e9gorie-Minime.pdf\" >Minimes<\/a>, <a href=\"https:\/\/abbeville-somme-karting.fr\/wp-content\/uploads\/2016\/04\/Abb-1617-04-2016-r\u00e9sultats-cat\u00e9gorie-Cadet.pdf\" >Cadet<\/a>, <a href=\"https:\/\/abbeville-somme-karting.fr\/wp-content\/uploads\/2016\/04\/Abb-1617-04-2016-r\u00e9sultats-cat\u00e9gorie-Rotax-Rotax-Master.pdf\" >Rotax &#038; Rotax Master<\/a>, <a href=\"https:\/\/abbeville-somme-karting.fr\/wp-content\/uploads\/2016\/04\/Abb-1617-04-2016-r\u00e9sultats-cat\u00e9gorie-KZ2-Master.pdf\" >KZ2 Master<\/a>, <a href=\"https:\/\/abbeville-somme-karting.fr\/wp-content\/uploads\/2016\/04\/Abb-1617-04-2016-r\u00e9sultats-cat\u00e9gorie-KZ2.pdf\" >KZ2<\/a><\/p>\n<p>Les 29, 30 et 31 Juillet 2016 : Course Club<br \/>\nR\u00e9sultats : <a href=\"https:\/\/abbeville-somme-karting.fr\/wp-content\/uploads\/2016\/08\/Abb-31-07-2016-r\u00e9sultats-cat\u00e9gorie-Open.pdf\" >Open<\/a>, <a href=\"https:\/\/abbeville-somme-karting.fr\/wp-content\/uploads\/2016\/08\/Abb-31-07-2016-r\u00e9sultats-cat\u00e9gorie-Mini-kart.pdf\" >Mini-Kart<\/a>, <a href=\"https:\/\/abbeville-somme-karting.fr\/wp-content\/uploads\/2016\/08\/Abb-31-07-2016-r\u00e9sultats-cat\u00e9gorie-Minime-Cadet.pdf\" >Minimes-Cadets<\/a>, <a href=\"https:\/\/abbeville-somme-karting.fr\/wp-content\/uploads\/2016\/08\/Abb-31-07-2016-r\u00e9sultats-cat\u00e9gorie-Nationale-3b-Rotax-Rotax-Master.pdf\" >Nationale &#038; Rotax &#038; Rotax Master<\/a>, <a href=\"https:\/\/abbeville-somme-karting.fr\/wp-content\/uploads\/2016\/08\/Abb-31-07-2016-r\u00e9sultats-cat\u00e9gorie-KZ2-KZ2-Master.pdf\" >KZ2 &#8211; KZ2 Master<\/a>(<a href=\"https:\/\/abbeville-somme-karting.fr\/wp-content\/uploads\/2016\/08\/Abb-31-07-2016-r\u00e9sultats-cat\u00e9gorie-KZ2-KZ2-Master-s\u00e9par\u00e9e.pdf\" >S\u00e9par\u00e9es<\/a>)<\/p>\n<p>Les 2, 3 et 4 Septembre 2016 : 3\u00e8me manche du Troph\u00e9e Hauts-de-France<br \/>\nR\u00e9sultats : <a href=\"https:\/\/abbeville-somme-karting.fr\/wp-content\/uploads\/2016\/09\/Abb-04-09-2016-r\u00e9sultats-cat\u00e9gorie-Open1.pdf\" >Open 1<\/a>, <a href=\"https:\/\/abbeville-somme-karting.fr\/wp-content\/uploads\/2016\/09\/Abb-04-09-2016-r\u00e9sultats-cat\u00e9gorie-Open2.pdf\" >Open 2<\/a>, <a href=\"https:\/\/abbeville-somme-karting.fr\/wp-content\/uploads\/2016\/09\/Abb-04-09-2016-r\u00e9sultats-cat\u00e9gorie-Minikart.pdf\" >Mini-Kart<\/a>, <a href=\"https:\/\/abbeville-somme-karting.fr\/wp-content\/uploads\/2016\/09\/Abb-04-09-2016-r\u00e9sultats-cat\u00e9gorie-Minime-Cadet.pdf\" >Minimes-Cadets<\/a>, <a href=\"https:\/\/abbeville-somme-karting.fr\/wp-content\/uploads\/2016\/09\/Abb-04-09-2016-r\u00e9sultats-cat\u00e9gorie-Nationale.pdf\" >Nationale<\/a>, <a href=\"https:\/\/abbeville-somme-karting.fr\/wp-content\/uploads\/2016\/09\/Abb-04-09-2016-r\u00e9sultats-cat\u00e9gorie-Rotax.pdf\" >Rotax<\/a>, <a href=\"https:\/\/abbeville-somme-karting.fr\/wp-content\/uploads\/2016\/09\/Abb-04-09-2016-r\u00e9sultats-cat\u00e9gorie-KZ2.pdf\" >KZ2<\/a><\/p>\n<p><strong>2015<\/strong><\/p>\n<p>Les 1, 2 et 3 Mai 2015, Manche championnat CRK Nord Picardie<br \/>\nR\u00e9sultats : <a href=\"https:\/\/abbeville-somme-karting.fr\/wp-content\/uploads\/2015\/course-manche-CRK-NP\/Minime.pdf\" >Minime<\/a>, <a href=\"https:\/\/abbeville-somme-karting.fr\/wp-content\/uploads\/2015\/course-manche-CRK-NP\/Mini-Kart.pdf\" >Mini-Kart<\/a>, <a href=\"https:\/\/abbeville-somme-karting.fr\/wp-content\/uploads\/2015\/course-manche-CRK-NP\/Nationale.pdf\" >Nationale<\/a>, <a href=\"https:\/\/abbeville-somme-karting.fr\/wp-content\/uploads\/2015\/course-manche-CRK-NP\/Cadet.pdf\" >Cadet<\/a>, <a href=\"https:\/\/abbeville-somme-karting.fr\/wp-content\/uploads\/2015\/course-manche-CRK-NP\/Rotax.pdf\" >Rotax<\/a>, <a href=\"https:\/\/abbeville-somme-karting.fr\/wp-content\/uploads\/2015\/course-manche-CRK-NP\/Rotax-Master.pdf\" >Rotax Master<\/a>, <a href=\"https:\/\/abbeville-somme-karting.fr\/wp-content\/uploads\/2015\/course-manche-CRK-NP\/KZ2G.pdf\" >KZ2G<\/a>, <a href=\"https:\/\/abbeville-somme-karting.fr\/wp-content\/uploads\/2015\/course-manche-CRK-NP\/KZ2.pdf\" >KZ2<\/a><\/p>\n<p>Les 24, 25 et 26 Juillet 2015, Course club ABBEVILLE<br \/>\n<a href=\"https:\/\/drive.google.com\/folderview?id=0B5WCl6qlFbVYflExdkZtRHNFemNJUWY4VGZKTkhOV01WR1FnVnJpX3VGY3k0TEFPOW1vQzQ&#038;usp=sharing\" >R\u00e9sultats<\/a><\/p>\n<p>Les 11, 12 et 13 Septembre 2015, Course club ABBEVILLE<br \/>\nR\u00e9sultats : <a href=\"https:\/\/abbeville-somme-karting.fr\/wp-content\/uploads\/2015\/09\/Abb-13-09-2015-r\u00e9sultats-cat\u00e9gorie-Minime-Cadet.pdf\" >Minime\/Cadet<\/a>, <a href=\"https:\/\/abbeville-somme-karting.fr\/wp-content\/uploads\/2015\/09\/Abb-13-09-2015-r\u00e9sultats-cat\u00e9gorie-Mini-Kart.pdf\" >Mini-Kart<\/a>, <a href=\"https:\/\/abbeville-somme-karting.fr\/wp-content\/uploads\/2015\/09\/Abb-13-09-2015-r\u00e9sultats-cat\u00e9gorie-Nationale.pdf\" >Nationale<\/a>, <a href=\"https:\/\/abbeville-somme-karting.fr\/wp-content\/uploads\/2015\/09\/Abb-13-09-2015-r\u00e9sultats-cat\u00e9gorie-Rotax-Rotax-Maser.pdf\" >Rotax\/Rotax Master<\/a>, <a href=\"https:\/\/abbeville-somme-karting.fr\/wp-content\/uploads\/2015\/09\/Abb-13-09-2015-r\u00e9sultats-cat\u00e9gorie-KZ2-KZ2G.pdf\" >KZ2\/KZ2G<\/a>.<\/p>\n<p>Les 25, 26 et 27 Septembre 2015, Manche championnat CRK Nord Picardie<br \/>\nR\u00e9sultats : <a href=\"https:\/\/abbeville-somme-karting.fr\/wp-content\/uploads\/2015\/09\/Abb-27-09-2015-r\u00e9sultats-cat\u00e9gorie-Minime.pdf\" >Minime<\/a>, <a href=\"https:\/\/abbeville-somme-karting.fr\/wp-content\/uploads\/2015\/09\/Abb-27-09-2015-r\u00e9sultats-cat\u00e9gorie-Mini-Kart.pdf\" >Mini-Kart<\/a>, <a href=\"https:\/\/abbeville-somme-karting.fr\/wp-content\/uploads\/2015\/09\/Abb-27-09-2015-r\u00e9sultats-cat\u00e9gorie-Nationale.pdf\" >Nationale<\/a>, <a href=\"https:\/\/abbeville-somme-karting.fr\/wp-content\/uploads\/2015\/09\/Abb-27-09-2015-r\u00e9sultats-cat\u00e9gorie-Rotax.pdf\" >Rotax<\/a>, <a href=\"https:\/\/abbeville-somme-karting.fr\/wp-content\/uploads\/2015\/09\/Abb-27-09-2015-r\u00e9sultats-cat\u00e9gorie-Rotax-Master.pdf\" >Rotax Master<\/a>, <a href=\"https:\/\/abbeville-somme-karting.fr\/wp-content\/uploads\/2015\/09\/Abb-27-09-2015-r\u00e9sultats-cat\u00e9gorie-KZ2.pdf\" >KZ2<\/a>, <a href=\"https:\/\/abbeville-somme-karting.fr\/wp-content\/uploads\/2015\/09\/Abb-27-09-2015-r\u00e9sultats-cat\u00e9gorie-KZ2G.pdf\" >KZ2G<\/a>.<\/p>\n<p><strong>2014<\/strong><\/p>\n<p>Les 4, 5 et 6 Avril 2014, Course club ABBEVILLE.<br \/>\nR\u00e9sultats : <a href=\"https:\/\/abbeville-somme-karting.fr\/wp-content\/uploads\/2014\/course_abbeville_2014\/Mini-kart.pdf\">Mini Kart<\/a> , <a href=\"https:\/\/abbeville-somme-karting.fr\/wp-content\/uploads\/2014\/course_abbeville_2014\/Nationale.pdf\">Nationale<\/a>, <a href=\"https:\/\/abbeville-somme-karting.fr\/wp-content\/uploads\/2014\/course_abbeville_2014\/Rotax_Master.pdf\">Rotax Master<\/a>, <a href=\"https:\/\/abbeville-somme-karting.fr\/wp-content\/uploads\/2014\/course_abbeville_2014\/Rotax_Max.pdf\">Rotax Max<\/a>, <a href=\"https:\/\/abbeville-somme-karting.fr\/wp-content\/uploads\/2014\/course_abbeville_2014\/KZ125.pdf\">KZ125<\/a>, <a href=\"https:\/\/abbeville-somme-karting.fr\/wp-content\/uploads\/2014\/course_abbeville_2014\/KZ125G.pdf\">KZ125G<\/a>, <a href=\"https:\/\/abbeville-somme-karting.fr\/wp-content\/uploads\/2014\/course_abbeville_2014\/Open.pdf\">Open<\/a><\/p>\n<p>Les 18, 19 et 20 Avril 2014, Manche championnat CRK Nord Picardie.<br \/>\nR\u00e9sultats : <a href=\"https:\/\/abbeville-somme-karting.fr\/wp-content\/uploads\/2014\/champ_crk_NP_2014\/Mini_Kart.pdf\">Mini Kart<\/a>, <a href=\"https:\/\/abbeville-somme-karting.fr\/wp-content\/uploads\/2014\/champ_crk_NP_2014\/Cadet.pdf\">Cadet<\/a>, <a href=\"https:\/\/abbeville-somme-karting.fr\/wp-content\/uploads\/2014\/champ_crk_NP_2014\/Nationale.pdf\">Nationale<\/a>, <a href=\"https:\/\/abbeville-somme-karting.fr\/wp-content\/uploads\/2014\/champ_crk_NP_2014\/Rotax.pdf\">Rotax<\/a>, <a href=\"https:\/\/abbeville-somme-karting.fr\/wp-content\/uploads\/2014\/champ_crk_NP_2014\/Rotax_Master.pdf\">Rotax Master<\/a>, <a href=\"https:\/\/abbeville-somme-karting.fr\/wp-content\/uploads\/2014\/champ_crk_NP_2014\/KZ125.pdf\">KZ125<\/a>, <a href=\"https:\/\/abbeville-somme-karting.fr\/wp-content\/uploads\/2014\/Troph_crk_NP_2014\/KZ125G.pdf\">KZ125G<\/a><\/p>\n<p>Les 20, 21 et 22 Juin 2014, Manche 2 Troph\u00e9e CRK.<br \/>\nR\u00e9sultats : <a href=\"https:\/\/abbeville-somme-karting.fr\/wp-content\/uploads\/2014\/Troph_crk_m2_NP_2014\/minikart_minime.pdf\">Mini Kart &amp; Minimes<\/a>, <a href=\"https:\/\/abbeville-somme-karting.fr\/wp-content\/uploads\/2014\/Troph_crk_m2_NP_2014\/Nationale.pdf\">Nationale<\/a>, <a href=\"https:\/\/abbeville-somme-karting.fr\/wp-content\/uploads\/2014\/Troph_crk_m2_NP_2014\/Rotax.pdf\">Rotax<\/a>, <a href=\"https:\/\/abbeville-somme-karting.fr\/wp-content\/uploads\/2014\/Troph_crk_m2_NP_2014\/KZ125.pdf\">KZ125<\/a>, <a href=\"https:\/\/abbeville-somme-karting.fr\/wp-content\/uploads\/2014\/Troph_crk_m2_NP_2014\/Open.pdf\">Open<\/a><\/p>\n<p>Les 25, 26 et 27 Juillet 2014, Course club ABBEVILLE.<br \/>\nR\u00e9sultats : <a href=\"https:\/\/abbeville-somme-karting.fr\/wp-content\/uploads\/2014\/course_abbeville_2014\/07-14\/MK-Mini-Cad.pdf\">Mini Kart \/ Minimes \/ Cadets<\/a>, <a href=\"https:\/\/abbeville-somme-karting.fr\/wp-content\/uploads\/2014\/course_abbeville_2014\/07-14\/Nationale.pdf\">Nationale<\/a>, <a href=\"https:\/\/abbeville-somme-karting.fr\/wp-content\/uploads\/2014\/course_abbeville_2014\/07-14\/Open.pdf\">Open<\/a>, <a href=\"https:\/\/abbeville-somme-karting.fr\/wp-content\/uploads\/2014\/course_abbeville_2014\/07-14\/Rotax.pdf\">Rotax<\/a>, <a href=\"https:\/\/abbeville-somme-karting.fr\/wp-content\/uploads\/2014\/course_abbeville_2014\/07-14\/KZ125.pdf\">KZ125<\/a><br \/>\n<strong>2013<\/strong><\/p>\n<p><strong>2012<\/strong><\/p>\n<p>16, 17 et 18 Mars 2012, Euro Endurance ABBEVILLE :<br \/>\n<a href=\"https:\/\/abbeville-somme-karting.fr\/wp-content\/uploads\/2014\/Courses_old\/2012\/classement arriv\u00e9e endurance.pdf\">R\u00e9sultats<\/a><\/p>\n<p>31 Mars et 1er Avril 2012, Troph\u00e9e d&rsquo;Abbeville<br \/>\n15 Avril 2012, Championnat CRK Nord Picardie<br \/>\n16 et 17 Juin 2012, Manche 4 Championnat CRK Nord Picardie<br \/>\n28 et 29 Juillet 2012, Troph\u00e9e d&rsquo;ABBEVILLE Course 2 \/ 20 ans<br \/>\n<strong>2011<\/strong><\/p>\n<p>10 Avril 2011, Troph\u00e9e Abbeville :<\/p>\n<p><a href=\"https:\/\/abbeville-somme-karting.fr\/wp-content\/uploads\/2014\/Courses_old\/2011\/TROPHEE ABBEVILLE 10 AVRIL 2011\/FINALE\/FINALE - FINALE ROTAX MAX.html\">Rotax Max<\/a>, <a href=\"https:\/\/abbeville-somme-karting.fr\/wp-content\/uploads\/2014\/Courses_old\/2011\/TROPHEE ABBEVILLE 10 AVRIL 2011\/FINALE\/FINALE - FINALE ROTAX MASTER &#038; OPEN.html\">Rotax Master &#038; Open<\/a>, <a href=\"https:\/\/abbeville-somme-karting.fr\/wp-content\/uploads\/2014\/Courses_old\/2011\/TROPHEE ABBEVILLE 10 AVRIL 2011\/FINALE\/FINALE - FINALE NATIONALE.html\">Nationale<\/a>, <a href=\"https:\/\/abbeville-somme-karting.fr\/wp-content\/uploads\/2014\/Courses_old\/2011\/TROPHEE ABBEVILLE 10 AVRIL 2011\/FINALE\/FINALE - FINALE MINIME &#038; CADET.html\">Minime &#038; Cadet<\/a>, <a href=\"https:\/\/abbeville-somme-karting.fr\/wp-content\/uploads\/2014\/Courses_old\/2011\/TROPHEE ABBEVILLE 10 AVRIL 2011\/FINALE\/FINALE - FINALE KZ125.html\">KZ125<\/a>, <a href=\"https:\/\/abbeville-somme-karting.fr\/wp-content\/uploads\/2014\/Courses_old\/2011\/TROPHEE ABBEVILLE 10 AVRIL 2011\/FINALE\/FINALE - FINALE KZ125G.html\">KZ125G<\/a><\/p>\n<p>Les 30 Avril et 1er Mai 2011, 2eme manche du championnat CRK Nord-Picardie :<\/p>\n<p><a href=\"https:\/\/abbeville-somme-karting.fr\/wp-content\/uploads\/2014\/Courses_old\/2011\/CHP 2EME JOURNEE ABBEVILLE\/FINALE\/FINALE - FINALE X30 &#038; OPEN.html\">FINALE X30 &#038; OPEN<\/a>, <a href=\"https:\/\/abbeville-somme-karting.fr\/wp-content\/uploads\/2014\/Courses_old\/2011\/CHP 2EME JOURNEE ABBEVILLE\/FINALE\/FINALE - FINALE ROTAX.html\">Rotax<\/a>, <a href=\"https:\/\/abbeville-somme-karting.fr\/wp-content\/uploads\/2014\/Courses_old\/2011\/CHP 2EME JOURNEE ABBEVILLE\/FINALE\/FINALE - FINALE ROTAX MASTER.html\">ROTAX MASTER<\/a>, <a href=\"https:\/\/abbeville-somme-karting.fr\/wp-content\/uploads\/2014\/Courses_old\/2011\/CHP 2EME JOURNEE ABBEVILLE\/FINALE\/FINALE - FINALE NATIONALE.html\">Nationale<\/a>, <a href=\"https:\/\/abbeville-somme-karting.fr\/wp-content\/uploads\/2014\/Courses_old\/2011\/CHP 2EME JOURNEE ABBEVILLE\/FINALE\/FINALE - FINALE MINIME &#038; CADET.html\">Minime &#038; Cadet<\/a>, <a href=\"https:\/\/abbeville-somme-karting.fr\/wp-content\/uploads\/2014\/Courses_old\/2011\/CHP 2EME JOURNEE ABBEVILLE\/FINALE\/FINALE - FINALE KZ125.html\">KZ125<\/a>, <a href=\"https:\/\/abbeville-somme-karting.fr\/wp-content\/uploads\/2014\/Courses_old\/2011\/CHP 2EME JOURNEE ABBEVILLE\/FINALE\/FINALE - FINALE KZ125G.html\">KZ 125G<\/a><br \/>\n31 Juillet 2011, Troph\u00e9e Abbeville<\/p>\n<p><a href=\"https:\/\/abbeville-somme-karting.fr\/wp-content\/uploads\/2014\/Courses_old\/2011\/RESULTATS TROPHEE ABBEVILLE\/FINALE\/FINALE ROTAX ET MASTER.pdf\">Rotax et Master<\/a>, <a href=\"https:\/\/abbeville-somme-karting.fr\/wp-content\/uploads\/2014\/Courses_old\/2011\/RESULTATS TROPHEE ABBEVILLE\/FINALE\/FINALE OPEN.pdf\">OPEN<\/a>, <a href=\"https:\/\/abbeville-somme-karting.fr\/wp-content\/uploads\/2014\/Courses_old\/2011\/RESULTATS TROPHEE ABBEVILLE\/FINALE\/FINALE NATIONALE.pdf\">Nationale<\/a>, <a href=\"https:\/\/abbeville-somme-karting.fr\/wp-content\/uploads\/2014\/Courses_old\/2011\/RESULTATS TROPHEE ABBEVILLE\/FINALE\/FINALE KZ 125 ET 125 G.pdf\">KZ125 et KZ125G<\/a>, <a href=\"https:\/\/abbeville-somme-karting.fr\/wp-content\/uploads\/2014\/Courses_old\/2011\/RESULTATS TROPHEE ABBEVILLE\/FINALE\/FINALE CADETS.pdf\">Cadets<\/a><\/p>\n","protected":false},"excerpt":{"rendered":"<p>&nbsp; 2025 13 Avril 2025 : Championnat Hauts-de-France (Manche n\u00b02) :Finale KZ2-KZ2M-KZ2G, Finale KZ, Finale Senior Master, Finale-Nationale-X30, Finale-Mini_60, Finale-Mini_60-u10 2017 8 &#038; 9 Avril 2017 : Championnat Hauts-de-France (Manche n\u00b02) :Liste des engag\u00e9s, Horaires samedi, Horaires dimanche, R\u00e9sultats. 30 &hellip; <a href=\"https:\/\/abbeville-somme-karting.fr\/?page_id=159\">Continuer la lecture <span class=\"meta-nav\">&rarr;<\/span><\/a><\/p>\n","protected":false},"author":1,"featured_media":0,"parent":0,"menu_order":0,"comment_status":"closed","ping_status":"open","template":"","meta":{"footnotes":""},"class_list":["post-159","page","type-page","status-publish","hentry"],"_links":{"self":[{"href":"https:\/\/abbeville-somme-karting.fr\/index.php?rest_route=\/wp\/v2\/pages\/159","targetHints":{"allow":["GET"]}}],"collection":[{"href":"https:\/\/abbeville-somme-karting.fr\/index.php?rest_route=\/wp\/v2\/pages"}],"about":[{"href":"https:\/\/abbeville-somme-karting.fr\/index.php?rest_route=\/wp\/v2\/types\/page"}],"author":[{"embeddable":true,"href":"https:\/\/abbeville-somme-karting.fr\/index.php?rest_route=\/wp\/v2\/users\/1"}],"replies":[{"embeddable":true,"href":"https:\/\/abbeville-somme-karting.fr\/index.php?rest_route=%2Fwp%2Fv2%2Fcomments&post=159"}],"version-history":[{"count":35,"href":"https:\/\/abbeville-somme-karting.fr\/index.php?rest_route=\/wp\/v2\/pages\/159\/revisions"}],"predecessor-version":[{"id":1644,"href":"https:\/\/abbeville-somme-karting.fr\/index.php?rest_route=\/wp\/v2\/pages\/159\/revisions\/1644"}],"wp:attachment":[{"href":"https:\/\/abbeville-somme-karting.fr\/index.php?rest_route=%2Fwp%2Fv2%2Fmedia&parent=159"}],"curies":[{"name":"wp","href":"https:\/\/api.w.org\/{rel}","templated":true}]}}